{"id":516,"date":"2025-08-07T08:52:40","date_gmt":"2025-08-07T06:52:40","guid":{"rendered":"https:\/\/wp.attabo.pl\/podpora\/"},"modified":"2025-11-17T14:58:22","modified_gmt":"2025-11-17T13:58:22","slug":"podpora","status":"publish","type":"page","link":"https:\/\/attabo.pl\/cs\/podpora\/","title":{"rendered":"Podpora"},"content":{"rendered":"        <div id=\"brandslab-search-container\" class=\"brandslab-search-container\">\n            \n            \n                            <div class=\"search-bar-container\">\n                    <input type=\"search\" id=\"brandslab-search-input\" placeholder=\"Vyhledat podle k\u00f3du EAN\" \/>\n                    <button type=\"button\" id=\"brandslab-search-btn\" class=\"search-button\">\n                        <svg width=\"18\" height=\"19\" viewBox=\"0 0 18 19\" fill=\"none\" xmlns=\"http:\/\/www.w3.org\/2000\/svg\">\n                            <path d=\"M8.25 14.5181C11.5637 14.5181 14.25 11.8318 14.25 8.51807C14.25 5.20436 11.5637 2.51807 8.25 2.51807C4.93629 2.51807 2.25 5.20436 2.25 8.51807C2.25 11.8318 4.93629 14.5181 8.25 14.5181Z\" stroke=\"white\" stroke-width=\"1.5\" stroke-linecap=\"round\" stroke-linejoin=\"round\"\/>\n                            <path d=\"M15.75 16.0181L12.4875 12.7556\" stroke=\"white\" stroke-width=\"1.5\" stroke-linecap=\"round\" stroke-linejoin=\"round\"\/>\n                        <\/svg>\n                    <\/button>\n                <\/div>\n            \n                            <div class=\"filters-container\">\n                    <h2 class=\"filters-title\">FILTRACE<\/h2>\n                    <div class=\"filters-grid\">\n                                            <\/div>\n                <\/div>\n            \n            <div class=\"active-filters-container\" id=\"active-filters\" style=\"display: none;\">\n                <div class=\"built-in-container\">\n                    <p>Filtry<\/p>\n                    <div class=\"separator\"><\/div>\n                    <button type=\"button\" id=\"clear-all-filters\" class=\"clear-all-button\">\n                        Wyczy\u015b\u0107 wszystko                        <svg width=\"12\" height=\"12\" viewBox=\"0 0 12 12\" fill=\"none\" xmlns=\"http:\/\/www.w3.org\/2000\/svg\">\n                            <path d=\"M9 3L3 9\" stroke=\"#1D1D1B\" stroke-width=\"1.5\" stroke-linecap=\"round\" stroke-linejoin=\"round\"\/>\n                            <path d=\"M3 3L9 9\" stroke=\"#1D1D1B\" stroke-width=\"1.5\" stroke-linecap=\"round\" stroke-linejoin=\"round\"\/>\n                        <\/svg>\n                    <\/button>\n                <\/div>\n                <div class=\"active-filters-list\" id=\"active-filters-list\"><\/div>\n            <\/div>\n\n            <div class=\"instructions-section\">\n                <div class=\"instructions-black-bar\" data-toggle=\"instructions\">\n                    <span class=\"section-title\">POKYNY<\/span>\n                    <span class=\"section-arrow\">\n                        <svg width=\"18\" height=\"19\" viewBox=\"0 0 18 19\" fill=\"none\" xmlns=\"http:\/\/www.w3.org\/2000\/svg\">\n                            <path d=\"M4.5 7.48206L9 11.9821L13.5 7.48206\" stroke=\"#1D1D1B\" stroke-width=\"1.5\" stroke-linecap=\"round\" stroke-linejoin=\"round\"\/>\n                        <\/svg>\n                    <\/span>\n                <\/div>\n                <div class=\"instructions-content\" id=\"instructions-content\">\n                    <p class=\"instuctions-notice\">Klikn\u011bte na odkaz n\u00ed\u017ee a st\u00e1hn\u011bte si n\u00e1vod.<\/p>\n                    <div class=\"no-results\">Nenalezen n\u00e1vod<\/div>                <\/div>\n            <\/div>\n\n            <div class=\"warranties-section\">\n                <div class=\"warranties-black-bar\" data-toggle=\"warranties\">\n                    <span class=\"section-title\">Z\u00c1RUKY<\/span>\n                    <span class=\"section-arrow\">\n                        <svg width=\"18\" height=\"19\" viewBox=\"0 0 18 19\" fill=\"none\" xmlns=\"http:\/\/www.w3.org\/2000\/svg\">\n                            <path d=\"M4.5 7.48206L9 11.9821L13.5 7.48206\" stroke=\"#1D1D1B\" stroke-width=\"1.5\" stroke-linecap=\"round\" stroke-linejoin=\"round\"\/>\n                        <\/svg>\n                    <\/span>\n                <\/div>\n                <div class=\"warranties-content\" id=\"warranties-content\">\n                    <p class=\"instuctions-notice\">Kliknij w link poni\u017cej, by pobra\u0107 gwarancj\u0119.<\/p>\n                    <div class=\"no-results\">Nie znaleziono gwarancji.<\/div>                <\/div>\n            <\/div>\n\n            <div class=\"results-container\">\n                <div class=\"results-header\" style=\"display: none;\">\n                    <h3 id=\"results-title\">Instrukcje<\/h3>\n                    <p class=\"instuctions-notice\">Klikn\u011bte na odkaz n\u00ed\u017ee a st\u00e1hn\u011bte si n\u00e1vod.<\/p>\n\n                    <div class=\"results-count\" id=\"results-count\"><\/div>\n\n                <\/div>\n\n                <div id=\"search-results\" class=\"search-results\" style=\"display: none;\">\n                <\/div>\n\n                <div id=\"search-loader\" class=\"search-loader\" style=\"display: none;\">\n                    <div class=\"loader-spinner\"><\/div>\n                    <p>\u0141adowanie...<\/p>\n                <\/div>\n\n                <div id=\"pagination-container\" class=\"pagination-container\"><\/div>\n            <\/div>\n        <\/div>\n\n        <script type=\"text\/javascript\">\n            var brandslabSearchAjax = {\n                url: 'https:\/\/attabo.pl\/wp-admin\/admin-ajax.php',\n                nonce: '3d78f127dc',\n                mainField: 'both',\n                resultsPerPage: 12            };\n        <\/script>\n        \n","protected":false},"excerpt":{"rendered":"","protected":false},"author":1,"featured_media":0,"parent":0,"menu_order":0,"comment_status":"closed","ping_status":"closed","template":"","meta":{"_acf_changed":false,"footnotes":""},"class_list":["post-516","page","type-page","status-publish","hentry"],"acf":[],"_links":{"self":[{"href":"https:\/\/attabo.pl\/cs\/wp-json\/wp\/v2\/pages\/516","targetHints":{"allow":["GET"]}}],"collection":[{"href":"https:\/\/attabo.pl\/cs\/wp-json\/wp\/v2\/pages"}],"about":[{"href":"https:\/\/attabo.pl\/cs\/wp-json\/wp\/v2\/types\/page"}],"author":[{"embeddable":true,"href":"https:\/\/attabo.pl\/cs\/wp-json\/wp\/v2\/users\/1"}],"replies":[{"embeddable":true,"href":"https:\/\/attabo.pl\/cs\/wp-json\/wp\/v2\/comments?post=516"}],"version-history":[{"count":1,"href":"https:\/\/attabo.pl\/cs\/wp-json\/wp\/v2\/pages\/516\/revisions"}],"predecessor-version":[{"id":517,"href":"https:\/\/attabo.pl\/cs\/wp-json\/wp\/v2\/pages\/516\/revisions\/517"}],"wp:attachment":[{"href":"https:\/\/attabo.pl\/cs\/wp-json\/wp\/v2\/media?parent=516"}],"curies":[{"name":"wp","href":"https:\/\/api.w.org\/{rel}","templated":true}]}}